{"id":8,"date":"2023-08-01T10:37:56","date_gmt":"2023-08-01T10:37:56","guid":{"rendered":"http:\/\/www.501etiquetaroja.com\/501etiquetaroja\/?page_id=8"},"modified":"2024-04-29T16:43:09","modified_gmt":"2024-04-29T16:43:09","slug":"8-2","status":"publish","type":"page","link":"https:\/\/almendralejo.501etiquetaroja.com\/","title":{"rendered":"501 etiqueta roja"},"content":{"rendered":"<p>[et_pb_section fb_built=\u00bb1&#8243; _builder_version=\u00bb4.21.0&#8243; _module_preset=\u00bbdefault\u00bb background_image=\u00bbhttp:\/\/www.501etiquetaroja.com\/501etiquetaroja\/wp-content\/uploads\/2023\/08\/LANDING-501-1.jpg\u00bb background_size=\u00bbinitial\u00bb background_repeat=\u00bbrepeat\u00bb global_colors_info=\u00bb{}\u00bb][et_pb_row _builder_version=\u00bb4.21.0&#8243; _module_preset=\u00bbdefault\u00bb background_color=\u00bb#FFFFFF\u00bb background_enable_image=\u00bboff\u00bb custom_margin=\u00bb0px||||false|false\u00bb custom_padding=\u00bb0px||||false|false\u00bb global_colors_info=\u00bb{}\u00bb][et_pb_column type=\u00bb4_4&#8243; _builder_version=\u00bb4.21.0&#8243; _module_preset=\u00bbdefault\u00bb global_colors_info=\u00bb{}\u00bb][et_pb_image src=\u00bbhttps:\/\/almendralejo.501etiquetaroja.com\/wp-content\/uploads\/2024\/04\/501-almendralejo.jpg\u00bb title_text=\u00bb501 almendralejo\u00bb force_fullwidth=\u00bbon\u00bb _builder_version=\u00bb4.21.0&#8243; _module_preset=\u00bbdefault\u00bb module_alignment=\u00bbcenter\u00bb min_height=\u00bb526px\u00bb max_height=\u00bb1000px\u00bb custom_margin=\u00bb||||false|false\u00bb global_colors_info=\u00bb{}\u00bb][\/et_pb_image][et_pb_text _builder_version=\u00bb4.21.0&#8243; _module_preset=\u00bbdefault\u00bb text_font_size=\u00bb55px\u00bb text_line_height=\u00bb2.1em\u00bb background_color=\u00bbrgba(115,115,115,0.7)\u00bb text_font_size_tablet=\u00bb55px\u00bb text_font_size_phone=\u00bb55px\u00bb text_font_size_last_edited=\u00bbon|phone\u00bb global_colors_info=\u00bb{}\u00bb]<\/p>\n<p style=\"text-align: center;\"><span style=\"color: #ffffff;\"><strong>\u00bfQU\u00c9 ES <img loading=\"lazy\" decoding=\"async\" src=\"http:\/\/www.501etiquetaroja.com\/501etiquetaroja\/wp-content\/uploads\/2023\/08\/Dosier-501-patrocinios-1-300x131.png\" width=\"133\" height=\"58\" alt=\"\" class=\"wp-image-11 alignnone size-medium\" \/>?<\/strong><\/span><\/p>\n<p>[\/et_pb_text][et_pb_text _builder_version=\u00bb4.21.0&#8243; _module_preset=\u00bbdefault\u00bb custom_padding=\u00bb|20px||20px|false|false\u00bb global_colors_info=\u00bb{}\u00bb]<\/p>\n<h3 class=\"_04xlpA direction-ltr align-center para-style-body\" style=\"text-align: center;\"><span style=\"color: #000000;\"><strong><span class=\"WdYUQQ text-decoration-none text-strikethrough-none\">Mu\u0301sica, nostalgia y diversio\u0301n en torno a los 80\u2019s y 90\u2019s.<\/span><\/strong><\/span><span class=\"WdYUQQ text-decoration-none text-strikethrough-none white-space-prewrap\"> <\/span><\/h3>\n<p class=\"_04xlpA direction-ltr align-justify para-style-body\"><span class=\"WdYUQQ text-decoration-none text-strikethrough-none\">Nos gustari\u0301a que te hicieras antes unas breves preguntas,<\/span><span class=\"WdYUQQ text-decoration-none text-strikethrough-none white-space-prewrap\"> <\/span><\/p>\n<ul>\n<li style=\"list-style-type: none;\">\n<ul>\n<li style=\"list-style-type: none;\">\n<ul>\n<li><span class=\"WdYUQQ text-decoration-none text-strikethrough-none\">\u00bfRecuerdas los bares que frecuentabas cuando empezabas a salir?<\/span><\/li>\n<li><span class=\"WdYUQQ text-decoration-none text-strikethrough-none\">\u00bfEsos di\u0301as y noches con amigos escuchando buena mu\u0301sica?<\/span><\/li>\n<li><span class=\"WdYUQQ text-decoration-none text-strikethrough-none\">\u00bfQue\u0301 tipo de ropa vesti\u0301as?<\/span><\/li>\n<li><span class=\"WdYUQQ text-decoration-none text-strikethrough-none\">\u00bfTe dari\u0301a vergu\u0308enza a di\u0301a de hoy salir a la calle vestido asi\u0301?<\/span><\/li>\n<\/ul>\n<\/li>\n<\/ul>\n<\/li>\n<\/ul>\n<p class=\"_04xlpA direction-ltr align-justify para-style-body\"><span class=\"WdYUQQ text-decoration-none text-strikethrough-none\">Si tras leer estas preguntas has sonre\u00eddo o se te ha puesto la \u00abpiel de gallina\u00bb&#8230;<\/span><\/p>\n<p class=\"_04xlpA direction-ltr align-justify para-style-body\"><span class=\"WdYUQQ text-decoration-none text-strikethrough-none\"><\/span><\/p>\n<h3 class=\"_04xlpA direction-ltr align-center para-style-body\" style=\"text-align: center;\"><span class=\"WdYUQQ white-space-prewrap text-decoration-none text-strikethrough-none\"> <\/span><span class=\"WdYUQQ text-decoration-none text-strikethrough-none\" style=\"color: #000000;\">\u00a1ENHORABUENA! has viajado en el tiempo y has sentido que&#8230; 501 es NOSTALGIA.<\/span><\/h3>\n<p>[\/et_pb_text][et_pb_gallery gallery_ids=\u00bb142,143,144,145&#8243; fullwidth=\u00bbon\u00bb _builder_version=\u00bb4.21.0&#8243; _module_preset=\u00bbdefault\u00bb global_colors_info=\u00bb{}\u00bb][\/et_pb_gallery][et_pb_image src=\u00bbhttp:\/\/www.501etiquetaroja.com\/501etiquetaroja\/wp-content\/uploads\/2023\/08\/LANDING-501.png\u00bb title_text=\u00bbLANDING 501&#8243; align=\u00bbcenter\u00bb _builder_version=\u00bb4.21.0&#8243; _module_preset=\u00bbdefault\u00bb global_colors_info=\u00bb{}\u00bb][\/et_pb_image][et_pb_text _builder_version=\u00bb4.21.0&#8243; _module_preset=\u00bbdefault\u00bb custom_padding=\u00bb|20px||20px|false|false\u00bb global_colors_info=\u00bb{}\u00bb]<\/p>\n<h4 class=\"_04xlpA direction-ltr align-center para-style-body\" style=\"text-align: center;\"><span class=\"WdYUQQ text-decoration-none text-strikethrough-none\" style=\"color: #000000;\">No es una fiesta ma\u0301s en la que se pincha mu\u0301sica ochentera y noventera, es una experiencia para todos los sentidos.<\/span><span class=\"WdYUQQ text-decoration-none text-strikethrough-none white-space-prewrap\"> <\/span><\/h4>\n<p class=\"_04xlpA direction-ltr align-center para-style-body\">\n<p class=\"_04xlpA direction-ltr align-center para-style-body\"><span class=\"WdYUQQ text-decoration-none text-strikethrough-none\">En la entrada, los asistentes reciben un welcome pack con regalos de la e\u0301poca, <\/span><span style=\"font-size: 20px;\">para que se sumerjan en el mundo 501 de performances, photocalls en vivo y 3d, teatro de calle, decoraci\u00f3n, proyecciones de v\u00eddeo y m\u00fasica de aquellos maravillosos a\u00f1os. Todo ello junto a la gastronom\u00eda tipo c\u00f3ctel que har\u00e1 viajar a nuestra memoria a aquellas m\u00edticas ca\u00f1as de los viernes y s\u00e1bados con los amigos.<\/span><\/p>\n<p>[\/et_pb_text][et_pb_divider show_divider=\u00bboff\u00bb _builder_version=\u00bb4.21.0&#8243; _module_preset=\u00bbdefault\u00bb width=\u00bb100%\u00bb min_height=\u00bb100px\u00bb global_colors_info=\u00bb{}\u00bb][\/et_pb_divider][et_pb_video src_webm=\u00bbhttps:\/\/almendralejo.501etiquetaroja.com\/wp-content\/uploads\/2024\/04\/F473A673-27D6-4274-BA15-46592805EC21.mp4&#8243; _builder_version=\u00bb4.21.0&#8243; _module_preset=\u00bbdefault\u00bb global_colors_info=\u00bb{}\u00bb][\/et_pb_video][et_pb_text _builder_version=\u00bb4.21.0&#8243; _module_preset=\u00bbdefault\u00bb text_font_size=\u00bb55px\u00bb text_line_height=\u00bb2.1em\u00bb background_color=\u00bbrgba(115,115,115,0.68)\u00bb text_font_size_tablet=\u00bb55px\u00bb text_font_size_phone=\u00bb45px\u00bb text_font_size_last_edited=\u00bbon|phone\u00bb global_colors_info=\u00bb{}\u00bb]<\/p>\n<p style=\"text-align: center;\"><span style=\"color: #ffffff;\">\u00bfQU\u00c9 ENCONTRAR\u00c1S EN <img loading=\"lazy\" decoding=\"async\" src=\"http:\/\/www.501etiquetaroja.com\/501etiquetaroja\/wp-content\/uploads\/2023\/08\/Dosier-501-patrocinios-1-300x131.png\" width=\"160\" height=\"70\" alt=\"\" class=\"wp-image-11 alignnone size-medium\" \/>?<\/span><\/p>\n<p>[\/et_pb_text][\/et_pb_column][\/et_pb_row][et_pb_row column_structure=\u00bb1_2,1_2&#8243; _builder_version=\u00bb4.21.0&#8243; _module_preset=\u00bbdefault\u00bb background_color=\u00bb#FFFFFF\u00bb global_colors_info=\u00bb{}\u00bb][et_pb_column type=\u00bb1_2&#8243; _builder_version=\u00bb4.21.0&#8243; _module_preset=\u00bbdefault\u00bb global_colors_info=\u00bb{}\u00bb][et_pb_text _builder_version=\u00bb4.21.0&#8243; _module_preset=\u00bbdefault\u00bb global_colors_info=\u00bb{}\u00bb]<\/p>\n<h1 style=\"text-align: center;\">M\u00daSICA<\/h1>\n<p>[\/et_pb_text][et_pb_image src=\u00bbhttps:\/\/almendralejo.501etiquetaroja.com\/wp-content\/uploads\/2024\/04\/A7303886.jpg\u00bb title_text=\u00bbA7303886&#8243; align=\u00bbcenter\u00bb _builder_version=\u00bb4.21.0&#8243; _module_preset=\u00bbdefault\u00bb global_colors_info=\u00bb{}\u00bb][\/et_pb_image][et_pb_text _builder_version=\u00bb4.21.0&#8243; _module_preset=\u00bbdefault\u00bb custom_padding=\u00bb|||10px|false|false\u00bb global_colors_info=\u00bb{}\u00bb]<\/p>\n<p class=\"_04xlpA direction-ltr align-center para-style-body\" style=\"text-align: center;\"><span class=\"WdYUQQ text-decoration-none text-strikethrough-none\"><\/span><\/p>\n<p class=\"_04xlpA direction-ltr align-center para-style-body\" style=\"text-align: center;\"><span class=\"WdYUQQ text-decoration-none text-strikethrough-none\">Juan y Punto conduce esta locura musical con dos conciertos, la <em>Banda 501<\/em> y una banda nacional de los 80&#8217;s-90&#8217;s. El m\u00edtico <em>DJ Fernandisco<\/em> se encargar\u00e1 de mantener las ganas de bailar hasta que el cuerpo aguante.<\/span><\/p>\n<p class=\"_04xlpA direction-ltr align-center para-style-body\" style=\"text-align: center;\"><span class=\"WdYUQQ text-decoration-none text-strikethrough-none\">Siempre recordando esa m\u00fasica que sonaba en los locales emblem\u00e1ticos de Almendralejo, con muchas sorpresas y ser\u00e1 fundamental la participaci\u00f3n del p\u00fablico. <\/span><\/p>\n<p class=\"_04xlpA direction-ltr align-center para-style-body\" style=\"text-align: center;\"><strong><span class=\"WdYUQQ text-decoration-none text-strikethrough-none\">\u00a1Ven vestido de la \u00e9poca y convi\u00e9rtete en el protagonista principal de 501 !<\/span><\/strong><\/p>\n<p>[\/et_pb_text][\/et_pb_column][et_pb_column type=\u00bb1_2&#8243; _builder_version=\u00bb4.21.0&#8243; _module_preset=\u00bbdefault\u00bb global_colors_info=\u00bb{}\u00bb][et_pb_text _builder_version=\u00bb4.21.0&#8243; _module_preset=\u00bbdefault\u00bb global_colors_info=\u00bb{}\u00bb]<\/p>\n<h1 style=\"text-align: center;\">ESPECT\u00c1CULO<\/h1>\n<p>[\/et_pb_text][et_pb_image src=\u00bbhttps:\/\/almendralejo.501etiquetaroja.com\/wp-content\/uploads\/2024\/04\/A7302545.jpg\u00bb title_text=\u00bbA7302545&#8243; align=\u00bbcenter\u00bb _builder_version=\u00bb4.21.0&#8243; _module_preset=\u00bbdefault\u00bb max_width=\u00bb100%\u00bb module_alignment=\u00bbcenter\u00bb global_colors_info=\u00bb{}\u00bb][\/et_pb_image][et_pb_text _builder_version=\u00bb4.21.0&#8243; _module_preset=\u00bbdefault\u00bb custom_padding=\u00bb|10px|||false|false\u00bb global_colors_info=\u00bb{}\u00bb]<\/p>\n<p style=\"text-align: center;\"><span class=\"WdYUQQ text-decoration-none text-strikethrough-none\">El co\u0301mico pacense Juan y Punto, presentara\u0301 los conciertos de la Banda 501, la actuaci\u00f3n de Fernandisco, de la banda, de las performance, en resumen, de todo 501. El especta\u0301culo estara\u0301 apoyado con una pantalla LED XXL con proyecciones seleccionadas por nuestros guionistas de los videoclips e ima\u0301genes de la e\u0301poca para que rememores a todo lujo cada reminiscencia.<\/span><span class=\"WdYUQQ text-decoration-none text-strikethrough-none white-space-prewrap\"> <\/span><\/p>\n<p>[\/et_pb_text][\/et_pb_column][\/et_pb_row][et_pb_row _builder_version=\u00bb4.21.0&#8243; _module_preset=\u00bbdefault\u00bb background_color=\u00bb#FFFFFF\u00bb global_colors_info=\u00bb{}\u00bb][et_pb_column type=\u00bb4_4&#8243; _builder_version=\u00bb4.21.0&#8243; _module_preset=\u00bbdefault\u00bb global_colors_info=\u00bb{}\u00bb][et_pb_gallery gallery_ids=\u00bb150,151,152,153,154,155,156,157,158&#8243; gallery_orderby=\u00bbrand\u00bb fullwidth=\u00bbon\u00bb _builder_version=\u00bb4.21.0&#8243; _module_preset=\u00bbdefault\u00bb max_width=\u00bb100%\u00bb global_colors_info=\u00bb{}\u00bb][\/et_pb_gallery][et_pb_text _builder_version=\u00bb4.21.0&#8243; _module_preset=\u00bbdefault\u00bb text_font_size=\u00bb55px\u00bb text_line_height=\u00bb2.1em\u00bb background_color=\u00bbrgba(115,115,115,0.67)\u00bb global_colors_info=\u00bb{}\u00bb]<\/p>\n<p style=\"text-align: center;\"><span style=\"color: #ffffff;\">\u00bfD\u00d3NDE COMPRAR LAS ENTRADAS <img loading=\"lazy\" decoding=\"async\" src=\"http:\/\/www.501etiquetaroja.com\/501etiquetaroja\/wp-content\/uploads\/2023\/08\/Dosier-501-patrocinios-1-300x131.png\" width=\"142\" height=\"62\" alt=\"\" class=\"wp-image-11 alignnone size-medium\" \/>?<\/span><\/p>\n<p>[\/et_pb_text][\/et_pb_column][\/et_pb_row][et_pb_row _builder_version=\u00bb4.21.0&#8243; _module_preset=\u00bbdefault\u00bb background_color=\u00bb#FFFFFF\u00bb global_colors_info=\u00bb{}\u00bb][et_pb_column type=\u00bb4_4&#8243; _builder_version=\u00bb4.21.0&#8243; _module_preset=\u00bbdefault\u00bb global_colors_info=\u00bb{}\u00bb][et_pb_image src=\u00bbhttps:\/\/almendralejo.501etiquetaroja.com\/wp-content\/uploads\/2024\/04\/Caseta-Almendralejo.jpg\u00bb title_text=\u00bbCaseta Almendralejo\u00bb _builder_version=\u00bb4.21.0&#8243; _module_preset=\u00bbdefault\u00bb background_color=\u00bb#FFFFFF\u00bb width=\u00bb46%\u00bb module_alignment=\u00bbcenter\u00bb global_colors_info=\u00bb{}\u00bb][\/et_pb_image][et_pb_button button_text=\u00bbCompra tu entrada online aqu\u00ed\u00bb _builder_version=\u00bb4.21.0&#8243; _module_preset=\u00bbdefault\u00bb button_url=\u00bbhttps:\/\/almendralejo.501etiquetaroja.com\/index.php\/event\/501-etiqueta-roja-almendralejo\/\u00bb url_new_window=\u00bbon\u00bb button_alignment=\u00bbcenter\u00bb custom_button=\u00bbon\u00bb button_bg_color=\u00bbRGBA(255,255,255,0)\u00bb button_bg_enable_color=\u00bbon\u00bb button_border_color=\u00bb#E02B20&#8243; button_text_color=\u00bb#E02B20&#8243; hover_enabled=\u00bb0&#8243; sticky_enabled=\u00bb0&#8243;][\/et_pb_button][\/et_pb_column][\/et_pb_row][et_pb_row _builder_version=\u00bb4.21.0&#8243; _module_preset=\u00bbdefault\u00bb background_color=\u00bb#FFFFFF\u00bb global_colors_info=\u00bb{}\u00bb][et_pb_column type=\u00bb4_4&#8243; _builder_version=\u00bb4.21.0&#8243; _module_preset=\u00bbdefault\u00bb global_colors_info=\u00bb{}\u00bb][et_pb_gallery gallery_ids=\u00bb161,162,163,164,165,166,167,168&#8243; fullwidth=\u00bbon\u00bb _builder_version=\u00bb4.21.0&#8243; _module_preset=\u00bbdefault\u00bb global_colors_info=\u00bb{}\u00bb][\/et_pb_gallery][\/et_pb_column][\/et_pb_row][et_pb_row _builder_version=\u00bb4.21.0&#8243; _module_preset=\u00bbdefault\u00bb background_color=\u00bb#FFFFFF\u00bb global_colors_info=\u00bb{}\u00bb][et_pb_column type=\u00bb4_4&#8243; _builder_version=\u00bb4.21.0&#8243; _module_preset=\u00bbdefault\u00bb global_colors_info=\u00bb{}\u00bb][et_pb_image src=\u00bbhttp:\/\/www.501etiquetaroja.com\/501etiquetaroja\/wp-content\/uploads\/2023\/08\/Dosier-501-patrocinios-1.png\u00bb title_text=\u00bbDosier 501 patrocinios-1&#8243; align=\u00bbcenter\u00bb _builder_version=\u00bb4.21.0&#8243; _module_preset=\u00bbdefault\u00bb background_color=\u00bb#FFFFFF\u00bb min_height=\u00bb100px\u00bb height=\u00bb103px\u00bb global_colors_info=\u00bb{}\u00bb][\/et_pb_image][et_pb_text _builder_version=\u00bb4.21.0&#8243; _module_preset=\u00bbdefault\u00bb text_font_size=\u00bb49px\u00bb text_line_height=\u00bb2.6em\u00bb text_font_tablet=\u00bb\u00bb text_font_phone=\u00bb\u00bb text_font_last_edited=\u00bbon|phone\u00bb global_colors_info=\u00bb{}\u00bb]<\/p>\n<p style=\"text-align: center;\">\u00bfQUIERES M\u00c1S INFORMACI\u00d3N?<\/p>\n<p>[\/et_pb_text][\/et_pb_column][\/et_pb_row][et_pb_row _builder_version=\u00bb4.21.0&#8243; _module_preset=\u00bbdefault\u00bb background_color=\u00bb#FFFFFF\u00bb global_colors_info=\u00bb{}\u00bb][et_pb_column type=\u00bb4_4&#8243; _builder_version=\u00bb4.21.0&#8243; _module_preset=\u00bbdefault\u00bb global_colors_info=\u00bb{}\u00bb][et_pb_text _builder_version=\u00bb4.21.0&#8243; _module_preset=\u00bbdefault\u00bb global_colors_info=\u00bb{}\u00bb]<\/p>\n<table border=\"0\" style=\"width: 100%; border-collapse: collapse; border-style: none; height: 272px;\">\n<tbody>\n<tr style=\"height: 133px;\">\n<td style=\"width: 50%; text-align: right; height: 133px;\"><span class=\"WdYUQQ text-decoration-none text-strikethrough-none\">S\u00cdGUENOS EN REDES SOCIALES:<\/span><\/td>\n<td style=\"width: 50%; height: 133px;\"><a href=\"https:\/\/www.instagram.com\/501etiquetaroja\/\"><img loading=\"lazy\" decoding=\"async\" src=\"http:\/\/www.501etiquetaroja.com\/501etiquetaroja\/wp-content\/uploads\/2023\/08\/INSTRAGRAM.png\" width=\"60\" height=\"60\" alt=\"\" class=\"wp-image-104 alignnone size-full\" style=\"float: left;\" srcset=\"https:\/\/almendralejo.501etiquetaroja.com\/wp-content\/uploads\/2023\/08\/INSTRAGRAM.png 200w, https:\/\/almendralejo.501etiquetaroja.com\/wp-content\/uploads\/2023\/08\/INSTRAGRAM-100x100.png 100w, https:\/\/almendralejo.501etiquetaroja.com\/wp-content\/uploads\/2023\/08\/INSTRAGRAM-150x150.png 150w\" sizes=\"auto, (max-width: 60px) 100vw, 60px\" \/><\/a> \u00a0 \u00a0<a href=\"https:\/\/www.facebook.com\/profile.php?id=100095037346978\"><img loading=\"lazy\" decoding=\"async\" src=\"http:\/\/www.501etiquetaroja.com\/501etiquetaroja\/wp-content\/uploads\/2023\/08\/FACEBOOK.png\" width=\"60\" height=\"60\" alt=\"\" class=\"wp-image-106 alignnone size-full\" srcset=\"https:\/\/almendralejo.501etiquetaroja.com\/wp-content\/uploads\/2023\/08\/FACEBOOK.png 200w, https:\/\/almendralejo.501etiquetaroja.com\/wp-content\/uploads\/2023\/08\/FACEBOOK-100x100.png 100w, https:\/\/almendralejo.501etiquetaroja.com\/wp-content\/uploads\/2023\/08\/FACEBOOK-150x150.png 150w\" sizes=\"auto, (max-width: 60px) 100vw, 60px\" \/><\/a><\/td>\n<\/tr>\n<tr style=\"height: 67px;\">\n<td style=\"width: 50%; text-align: right; height: 67px;\"><span class=\"WdYUQQ text-decoration-none text-strikethrough-none\">ESCR\u00cdBENOS POR CORREO:<\/span><\/td>\n<td style=\"width: 50%; height: 67px;\">\n<blockquote>\n<p style=\"text-align: left;\"><a href=\"mailto:soy501@501etiquetaroja.com\"><img loading=\"lazy\" decoding=\"async\" src=\"http:\/\/www.501etiquetaroja.com\/501etiquetaroja\/wp-content\/uploads\/2023\/08\/correo.png\" width=\"60\" height=\"60\" alt=\"\" class=\"wp-image-108 alignnone size-full\" srcset=\"https:\/\/almendralejo.501etiquetaroja.com\/wp-content\/uploads\/2023\/08\/correo.png 200w, https:\/\/almendralejo.501etiquetaroja.com\/wp-content\/uploads\/2023\/08\/correo-100x100.png 100w, https:\/\/almendralejo.501etiquetaroja.com\/wp-content\/uploads\/2023\/08\/correo-150x150.png 150w\" sizes=\"auto, (max-width: 60px) 100vw, 60px\" \/><\/a><\/p>\n<\/blockquote>\n<\/td>\n<\/tr>\n<tr>\n<td style=\"width: 50%; text-align: right;\"><span class=\"WdYUQQ text-decoration-none text-strikethrough-none\">\u00abGUASAPEANOS\u00bb AL TEL\u00c9FONO:\u00a0<\/span><\/td>\n<td style=\"width: 50%;\">\n<p style=\"text-align: left;\">689 89 52 57<\/p>\n<\/td>\n<\/tr>\n<\/tbody>\n<\/table>\n<p>[\/et_pb_text][et_pb_divider show_divider=\u00bboff\u00bb _builder_version=\u00bb4.21.0&#8243; _module_preset=\u00bbdefault\u00bb background_image=\u00bbhttps:\/\/almendralejo.501etiquetaroja.com\/wp-content\/uploads\/2024\/04\/A7302524.jpg\u00bb background_size=\u00bbinitial\u00bb min_height=\u00bb271px\u00bb height=\u00bb286px\u00bb max_height=\u00bb1000px\u00bb custom_padding=\u00bb||||false|false\u00bb global_colors_info=\u00bb{}\u00bb][\/et_pb_divider][\/et_pb_column][\/et_pb_row][\/et_pb_section]<\/p>\n","protected":false},"excerpt":{"rendered":"<p>\u00bfQU\u00c9 ES ?Mu\u0301sica, nostalgia y diversio\u0301n en torno a los 80\u2019s y 90\u2019s. Nos gustari\u0301a que te hicieras antes unas breves preguntas, \u00bfRecuerdas los bares que frecuentabas cuando empezabas a [&hellip;]<\/p>\n","protected":false},"author":1,"featured_media":0,"parent":0,"menu_order":0,"comment_status":"closed","ping_status":"closed","template":"page-template-blank.php","meta":{"_et_pb_use_builder":"on","_et_pb_old_content":"","_et_gb_content_width":"","_monsterinsights_skip_tracking":false,"_monsterinsights_sitenote_active":false,"_monsterinsights_sitenote_note":"","_monsterinsights_sitenote_category":0,"_price":"","_stock":"","_tribe_ticket_header":"","_tribe_default_ticket_provider":"","_tribe_ticket_capacity":"0","_ticket_start_date":"","_ticket_end_date":"","_tribe_ticket_show_description":"","_tribe_ticket_show_not_going":false,"_tribe_ticket_use_global_stock":"","_tribe_ticket_global_stock_level":"","_global_stock_mode":"","_global_stock_cap":"","_tribe_rsvp_for_event":"","_tribe_ticket_going_count":"","_tribe_ticket_not_going_count":"","_tribe_tickets_list":"[]","_tribe_ticket_has_attendee_info_fields":false,"footnotes":""},"class_list":["post-8","page","type-page","status-publish","hentry"],"_links":{"self":[{"href":"https:\/\/almendralejo.501etiquetaroja.com\/index.php\/wp-json\/wp\/v2\/pages\/8","targetHints":{"allow":["GET"]}}],"collection":[{"href":"https:\/\/almendralejo.501etiquetaroja.com\/index.php\/wp-json\/wp\/v2\/pages"}],"about":[{"href":"https:\/\/almendralejo.501etiquetaroja.com\/index.php\/wp-json\/wp\/v2\/types\/page"}],"author":[{"embeddable":true,"href":"https:\/\/almendralejo.501etiquetaroja.com\/index.php\/wp-json\/wp\/v2\/users\/1"}],"replies":[{"embeddable":true,"href":"https:\/\/almendralejo.501etiquetaroja.com\/index.php\/wp-json\/wp\/v2\/comments?post=8"}],"version-history":[{"count":17,"href":"https:\/\/almendralejo.501etiquetaroja.com\/index.php\/wp-json\/wp\/v2\/pages\/8\/revisions"}],"predecessor-version":[{"id":281,"href":"https:\/\/almendralejo.501etiquetaroja.com\/index.php\/wp-json\/wp\/v2\/pages\/8\/revisions\/281"}],"wp:attachment":[{"href":"https:\/\/almendralejo.501etiquetaroja.com\/index.php\/wp-json\/wp\/v2\/media?parent=8"}],"curies":[{"name":"wp","href":"https:\/\/api.w.org\/{rel}","templated":true}]}}